{"id":3358,"date":"2019-05-23T06:56:03","date_gmt":"2019-05-23T06:56:03","guid":{"rendered":"https:\/\/www.fxspotstream.com\/?page_id=3358"},"modified":"2022-01-18T23:03:27","modified_gmt":"2022-01-19T04:03:27","slug":"oportunidades-de-carrera","status":"publish","type":"page","link":"https:\/\/www.fxspotstream.com\/es\/oportunidades-de-carrera\/","title":{"rendered":"Oportunidades de carrera"},"content":{"rendered":"\n\n\t<p>Carreras<\/p>\n\t<p>Por favor, escr\u00edbanos a <a href=\"mailto:careers@fxspotstream.com\">careers@fxspotstream.com<\/a> adjuntando su CV y carta de presentaci\u00f3n, indicando la posici\u00f3n en la cual est\u00e1 interesado.<\/p>\n\t<p><em>Siempre estamos buscando profesionales talentosos y experimentados, as\u00ed que no dude en contactarnos incluso si no tenemos un puesto publicado que coincida exactamente con sus habilidades. Env\u00ede un correo electr\u00f3nico a <a href=\"mailto:careers@fxspotstream.com\">careers@fxspotstream.com<\/a> con su curr\u00edculum y una carta de presentaci\u00f3n.<\/em><\/p>\n<p>FXSpotStream\u00ae es un empleador que ofrece igualdad de oportunidades. El personal se elige sobre la base de su capacidad sin distinci\u00f3n de raza, color, religi\u00f3n, sexo, nacionalidad, discapacidad, estado civil u orientaci\u00f3n sexual, de acuerdo con las leyes federales y estatales.<\/p>\n<h2>\n\t\tEspecialista en servicio y soporte al cliente\n\t<\/h2>\n\t<p>Ubicaci\u00f3n: Minato-Ku, Tokio, Jap\u00f3n<\/p>\n\t<p>FXSpotStream est\u00e1 buscando un especialista en soporte y servicio al cliente para unirse a su equipo en Tokio, Jap\u00f3n. El individuo tendr\u00e1 excelentes habilidades comunicativas e interpersonales. Se prefiere una s\u00f3lida comprensi\u00f3n del mercado de divisas, pero no es esencial, y se proporcionar\u00e1 capacitaci\u00f3n completa sobre nuestro servicio de transmisi\u00f3n de precios.<\/p>\n\t<p><strong>Responsabilidades<\/strong><\/p>\n<p>El individuo tendr\u00e1 la responsabilidad de brindar apoyo con respecto a los siguientes asuntos y funciones:<\/p>\n<ul>\n<li> Capacidad para administrar y \/ o monitorear las funciones de un servicio electr\u00f3nico <\/li>\n<li> Primer punto de contacto en una capacidad de servicio al cliente para el servicio <\/li>\n<li> Soporte t\u00e9cnico y de productos para la soluci\u00f3n <\/li>\n<li> Control de mercado, operaciones y funciones de soporte del servicio <\/li>\n<li> Interfaz con clientes, proveedores de liquidez y vendedores en capacidad de soporte <\/li>\n<li> Solucionar incidentes y problemas desde el inicio hasta su conclusi\u00f3n <\/li>\n<\/ul>\n\t<p><strong>Calificaciones<\/strong><\/p>\n<ul>\n<li> Excelentes habilidades de comunicaci\u00f3n verbal y escrita <\/li>\n<li> S\u00f3lidas habilidades anal\u00edticas y de resoluci\u00f3n de problemas <\/li>\n<li> Dominio de MS Office y documentos de Google. <\/li>\n<li> Experiencia en mercados bancarios o financieros (preferida) <\/li>\n<li> Habilidades de gesti\u00f3n de proyectos y proveedores <\/li>\n<li> Capacidad para trabajar en varios turnos <\/li>\n<li> Orientado a la acci\u00f3n, emprendedor, flexible y con capacidad para liderar interna y externamente <\/li>\n<li> Fluidez en chino o coreano (preferido) <\/li>\n<li> Educaci\u00f3n T\u00edtulo m\u00ednimo de BA o BS <\/li>\n<\/ul>\n<h2>\n\t\tAsociado de ventas\n\t<\/h2>\n\t<p>Ubicaci\u00f3n: Jersey City, NJ; Se deben esperar viajes, incluidas estad\u00edas prolongadas seg\u00fan sea necesario<\/p>\n\t<p>FXSpotStream\u00ae busca un asociado de ventas din\u00e1mico para unirse a nuestro equipo de Am\u00e9rica. El individuo reportar\u00e1 a Vicepresidente Senior, Jefe de Ventas y Nuevos Negocios o cualquier otra persona designada por el CEO.<\/p>\n\t<p><strong>Responsabilidades<\/strong><\/p>\n<p>El individuo tendr\u00e1 la responsabilidad de brindar apoyo con respecto a los siguientes asuntos y funciones:<\/p>\n<ul>\n<li> Esfuerzos de ventas, marketing y desarrollo comercial para las Am\u00e9ricas <\/li>\n<li> Responsable de las ventas y marketing de FSS a clientes, proveedores de liquidez y vendedores, incluidas demostraciones de las ofertas de FSS <\/li>\n<li> Realizar un seguimiento, analizar e informar sobre el proceso de ventas internamente y al FSS LP <\/li>\n<li> Establecer y mantener relaciones a largo plazo con clientes y LP <\/li>\n<li> Gestionar y apoyar, junto con tecnolog\u00eda y personal de apoyo, la incorporaci\u00f3n de clientes <\/li>\n<li> Actuar como un punto de contacto para el LP y el cliente, proporcionando una ruta de escalada hacia y desde el equipo de soporte y atendiendo los problemas y requisitos del LP \/ cliente con prontitud <\/li>\n<li> Representar a FSS en conferencias y otros eventos de mercado <\/li>\n<li> Trabajar con tecnolog\u00eda, soporte y otros miembros del personal de FSS en las mejoras de clientes y LP a la oferta de FSS <\/li>\n<\/ul>\n\t<p><strong>Calificaciones<\/strong><\/p>\n<ul>\n<li> Al menos 5 a\u00f1os de experiencia laboral en ventas, preferiblemente en ECN o intercambio, eFX Sales o PB en un banco o proveedor de tecnolog\u00eda relevante <\/li>\n<li> Conocimiento s\u00f3lido del producto FX <\/li>\n<li> Habilidades de venta: capacidad para identificar, desarrollar y articular una propuesta compleja <\/li>\n<li> S\u00f3lido conocimiento del modelo de negocio de LP \/ cliente, requisitos t\u00e9cnicos y flujos de trabajo <\/li>\n<li> Fuertes habilidades interpersonales: capacidad para desarrollar y ejecutar un plan de ventas, capacidad para utilizar una variedad de tecnolog\u00eda con un alto nivel de competencia <\/li>\n<li> Capacidad de resoluci\u00f3n de problemas para comprender, articular, estructurar y resolver las necesidades del cliente <\/li>\n<li> Habilidades de presentaci\u00f3n y comunicaci\u00f3n: capacidad para realizar presentaciones y comunicarse en todos los niveles dentro de una organizaci\u00f3n <\/li>\n<li> Cliente en experiencia de embarque y soporte <\/li>\n<li> Conocimiento de la fuerza de ventas o una herramienta CRM similar <\/li>\n<li> Excelentes habilidades escritas y comunicativas <\/li>\n<li> Orientaci\u00f3n al servicio al cliente y a las soluciones <\/li>\n<li> Capacidad para trabajar de forma independiente y en equipo <\/li>\n<li> T\u00edtulo m\u00ednimo de BA o BS <\/li>\n<\/ul>\n<h2>\n\t\tEspecialista en servicio y soporte al cliente\n\t<\/h2>\n\t<p>Ubicaciones: Tokio, Jap\u00f3n, Londres, Reino Unido y Jersey City, Nueva Jersey<\/p>\n\t<p>FXSpotStream\u00ae busca un especialista en soporte y servicio al cliente para asumir las responsabilidades que se describen a continuaci\u00f3n y que posea las calificaciones especificadas. El Representante impulsar\u00e1 la excelencia en el servicio respondiendo a las necesidades del cliente y buscando continuamente oportunidades para mejorar nuestro servicio y soporte. Esta persona trabajar\u00e1 en estrecha colaboraci\u00f3n con la administraci\u00f3n y el personal t\u00e9cnico interno para resolver los problemas de los clientes y garantizar que estamos satisfaciendo las necesidades del mercado y sus clientes. El individuo reportar\u00e1 al Jefe Global de Servicios al Cliente.<\/p>\n\t<p><strong>Responsabilidades<\/strong><\/p>\n<p>El individuo tendr\u00e1 la responsabilidad de brindar apoyo con respecto a los siguientes asuntos y funciones:<\/p>\n<ul>\n<li> Capacidad para administrar y \/ o monitorear las funciones de un servicio electr\u00f3nico <\/li>\n<li> Primer punto de contacto en una capacidad de servicio al cliente para el servicio <\/li>\n<li> Soporte t\u00e9cnico y de productos para la soluci\u00f3n <\/li>\n<li> Control de mercado, operaciones y funciones de soporte del servicio <\/li>\n<li> Interfaz con participantes y proveedores en capacidad de soporte <\/li>\n<li> Solucionar incidentes y problemas desde el inicio hasta su conclusi\u00f3n <\/li>\n<li> Ayudar con la documentaci\u00f3n inicial y continua del control del mercado, soporte y otros procesos y procedimientos <\/li>\n<\/ul>\n\t<p><strong>Calificaciones<\/strong><\/p>\n<ul>\n<li>Excelentes habilidades de comunicaci\u00f3n y escritura<\/li>\n<li>S\u00f3lidas capacidades anal\u00edticas y de resoluci\u00f3n de problemas<\/li>\n<li>Competente en MS Office y documentos de Google.<\/li>\n<li>Experiencia en banca o mercados financieros (preferida)<\/li>\n<li>Habilidades de gesti\u00f3n de proyectos y proveedores<\/li>\n<li>Capacidad para trabajar en varios turnos, incluso durante la noche<\/li>\n<li>Orientado a la acci\u00f3n, emprendedor, flexible y con capacidad para liderar interna y externamente<\/li>\n<li>Conocimientos m\u00ednimos de BA o BS<\/li>\n<\/ul>\n<h2>\n\t\t\u00bfEst\u00e1 listo para expandir su comercio de divisas y metales preciosos a varios bancos con una \u00fanica API o GUI?\n\t<\/h2>\n\t\t\t<a href=\"https:\/\/www.fxspotstream.com\/es\/beneficios\/\" target=\"_self\" role=\"button\" rel=\"noopener\">\n\t\t\t\t\t\t\tEmpieza ahora\n\t\t\t\t\t<\/a>\n\n","protected":false},"excerpt":{"rendered":"<p>Carreras Por favor, escr\u00edbanos a careers@fxspotstream.com adjuntando su CV y carta de presentaci\u00f3n, indicando la posici\u00f3n en la cual est\u00e1 interesado. Siempre estamos buscando profesionales talentosos y experimentados, as\u00ed que no dude en contactarnos incluso si no tenemos un puesto publicado que coincida exactamente con sus habilidades. Env\u00ede un correo electr\u00f3nico a careers@fxspotstream.com con su&hellip;<\/p>\n","protected":false},"author":2,"featured_media":0,"parent":0,"menu_order":0,"comment_status":"closed","ping_status":"closed","template":"","meta":{"content-type":"","footnotes":"","_links_to":"","_links_to_target":""},"class_list":["post-3358","page","type-page","status-publish","hentry"],"_links":{"self":[{"href":"https:\/\/www.fxspotstream.com\/es\/wp-json\/wp\/v2\/pages\/3358","targetHints":{"allow":["GET"]}}],"collection":[{"href":"https:\/\/www.fxspotstream.com\/es\/wp-json\/wp\/v2\/pages"}],"about":[{"href":"https:\/\/www.fxspotstream.com\/es\/wp-json\/wp\/v2\/types\/page"}],"author":[{"embeddable":true,"href":"https:\/\/www.fxspotstream.com\/es\/wp-json\/wp\/v2\/users\/2"}],"replies":[{"embeddable":true,"href":"https:\/\/www.fxspotstream.com\/es\/wp-json\/wp\/v2\/comments?post=3358"}],"version-history":[{"count":0,"href":"https:\/\/www.fxspotstream.com\/es\/wp-json\/wp\/v2\/pages\/3358\/revisions"}],"wp:attachment":[{"href":"https:\/\/www.fxspotstream.com\/es\/wp-json\/wp\/v2\/media?parent=3358"}],"curies":[{"name":"wp","href":"https:\/\/api.w.org\/{rel}","templated":true}]}}