{"id":4164,"date":"2019-08-12T05:02:41","date_gmt":"2019-08-12T05:02:41","guid":{"rendered":"https:\/\/www.fxspotstream.com\/?page_id=4164"},"modified":"2022-01-18T23:00:54","modified_gmt":"2022-01-19T04:00:54","slug":"ndf-nds","status":"publish","type":"page","link":"https:\/\/www.fxspotstream.com\/es\/ndf-nds\/","title":{"rendered":"NDF\/NDS"},"content":{"rendered":"\n\n\t<p>NDF\/NDS<\/p>\n\t<p>FXSpotStream admitir\u00e1 todos los pares de divisas que transmitir\u00e1n nuestros <a href=\"\/liquidity-providers\/\">proveedores de liquidez<\/a><\/p>\n\t<p>NDF y NDS &#8211; Non-Deliverable Forwards (NDFs) y Non-Deliverable Swaps (NDS) difieren de los productos de swaps y futuros regulares en que las monedas subyacentes no se intercambian, sino que las operaciones se liquidan en efectivo en la moneda principal, normalmente USD, aunque a veces tambi\u00e9n se utilizan otras monedas.<\/p>\n<p>FXSpotStream es uno de los pocos servicios que permite a los clientes intercambiar productos NDF y NDS totalmente divulgados a precios de transmisi\u00f3n. Los clientes tienen la opci\u00f3n de intercambiar productos NDF y NDS a trav\u00e9s de uno o ambos tipos de ejecuci\u00f3n disponibles en FSS (Streaming y \/ o RFS) para plazos est\u00e1ndar, as\u00ed como fechas interrumpidas con los 15 proveedores de liquidez de FXSpotStream.<\/p>\n<p>El Servicio ya admite una amplia gama de pares de divisas NDF \/ NDS, normalmente pares de divisas asi\u00e1ticos y sudamericanos. Sin embargo, con FSS t\u00e9cnicamente capaz de admitir cualquier par de divisas que admitan nuestros LP, agradecemos las consultas sobre pares adicionales. El equipo de ventas de FXSpotStream est\u00e1 disponible para discutir los requisitos espec\u00edficos y c\u00f3mo podemos ayudarlo a mejorar su experiencia comercial NDF \/ NDS.<\/p>\n\t\t\t\t<img loading=\"lazy\" decoding=\"async\" src=\"https:\/\/www.fxspotstream.com\/wp-content\/uploads\/2019\/08\/Untitled-2.png\" alt=\"Untitled-2\" itemprop=\"image\" height=\"1000\" width=\"1000\" title=\"Untitled-2\" onerror=\"this.style.display='none'\"  \/>\n<h2>\n\t\t\u00bfEst\u00e1 listo para expandir su comercio de divisas y metales preciosos a varios bancos con una \u00fanica API o GUI?\n\t<\/h2>\n\t\t\t<a href=\"https:\/\/www.fxspotstream.com\/es\/beneficios\/\" target=\"_self\" role=\"button\" rel=\"noopener\">\n\t\t\t\t\t\t\tEmpieza ahora\n\t\t\t\t\t<\/a>\n\n","protected":false},"excerpt":{"rendered":"<p>NDF\/NDS FXSpotStream admitir\u00e1 todos los pares de divisas que transmitir\u00e1n nuestros proveedores de liquidez NDF y NDS &#8211; Non-Deliverable Forwards (NDFs) y Non-Deliverable Swaps (NDS) difieren de los productos de swaps y futuros regulares en que las monedas subyacentes no se intercambian, sino que las operaciones se liquidan en efectivo en la moneda principal, normalmente&hellip;<\/p>\n","protected":false},"author":2,"featured_media":0,"parent":0,"menu_order":0,"comment_status":"closed","ping_status":"closed","template":"","meta":{"content-type":"","footnotes":"","_links_to":"","_links_to_target":""},"class_list":["post-4164","page","type-page","status-publish","hentry"],"_links":{"self":[{"href":"https:\/\/www.fxspotstream.com\/es\/wp-json\/wp\/v2\/pages\/4164","targetHints":{"allow":["GET"]}}],"collection":[{"href":"https:\/\/www.fxspotstream.com\/es\/wp-json\/wp\/v2\/pages"}],"about":[{"href":"https:\/\/www.fxspotstream.com\/es\/wp-json\/wp\/v2\/types\/page"}],"author":[{"embeddable":true,"href":"https:\/\/www.fxspotstream.com\/es\/wp-json\/wp\/v2\/users\/2"}],"replies":[{"embeddable":true,"href":"https:\/\/www.fxspotstream.com\/es\/wp-json\/wp\/v2\/comments?post=4164"}],"version-history":[{"count":0,"href":"https:\/\/www.fxspotstream.com\/es\/wp-json\/wp\/v2\/pages\/4164\/revisions"}],"wp:attachment":[{"href":"https:\/\/www.fxspotstream.com\/es\/wp-json\/wp\/v2\/media?parent=4164"}],"curies":[{"name":"wp","href":"https:\/\/api.w.org\/{rel}","templated":true}]}}